{"id":957,"date":"2023-03-23T16:14:36","date_gmt":"2023-03-23T16:14:36","guid":{"rendered":"http:\/\/igffb.pat-ex.de\/?page_id=957"},"modified":"2023-04-25T08:18:00","modified_gmt":"2023-04-25T08:18:00","slug":"organisationsentwicklung","status":"publish","type":"page","link":"https:\/\/igffb.de\/?page_id=957","title":{"rendered":"Organisationsentwicklung"},"content":{"rendered":"\n<div class=\"wp-block-group alignwide is-layout-constrained wp-block-group-is-layout-constrained\">\n<div class=\"wp-block-columns alignwide is-layout-flex wp-container-core-columns-is-layout-806eabc5 wp-block-columns-is-layout-flex\" style=\"margin-top:0;margin-bottom:0;padding-top:0;padding-right:0;padding-bottom:0;padding-left:0\">\n<div class=\"wp-block-column is-layout-flow wp-block-column-is-layout-flow\" style=\"padding-top:0;padding-right:0;padding-bottom:0;padding-left:0;line-height:1.4;flex-basis:66.66%\">\n<p style=\"margin-top:0;margin-right:0;margin-bottom:var(--wp--preset--spacing--40);margin-left:0;padding-top:0;padding-right:0;padding-bottom:0;padding-left:0;font-size:28px;line-height:1.3\"><strong>Wir beraten und begleiten Kita-Tr\u00e4ger bei der Weiterentwicklung Ihrer Organisation und ihres Personals.<\/strong><\/p>\n\n\n\n<p class=\"has-medium-font-size\" style=\"margin-top:0;margin-right:0;margin-bottom:var(--wp--preset--spacing--70);margin-left:0;padding-top:0;padding-right:0;padding-bottom:0;padding-left:0;line-height:2\">Unsere Beratung zeichnet sich durch eine starke Beteiligungs- und Prozessorientierung sowie durch eine ressourcenorientierte und wertsch\u00e4tzende Perspektive auf Ihre Organisation aus.  <strong> <\/strong><\/p>\n<\/div>\n\n\n\n<div class=\"wp-block-column has-white-background-color has-background is-content-justification-center is-layout-constrained wp-container-core-column-is-layout-71d90c35 wp-block-column-is-layout-constrained\" style=\"border-style:none;border-width:0px;padding-top:var(--wp--preset--spacing--20);padding-right:0;padding-bottom:0;padding-left:0;flex-basis:33.33%\">\n<div class=\"wp-block-columns is-layout-flex wp-container-core-columns-is-layout-940cadc1 wp-block-columns-is-layout-flex\" style=\"margin-bottom:0;padding-top:0;padding-right:0;padding-bottom:0;padding-left:var(--wp--preset--spacing--50)\">\n<div class=\"wp-block-column is-layout-flow wp-block-column-is-layout-flow\" style=\"flex-basis:100%\">\n<figure class=\"wp-block-video aligncenter\" style=\"margin-top:0;margin-right:0;margin-bottom:0;margin-left:var(--wp--preset--spacing--70);padding-top:0;padding-right:0;padding-bottom:0;padding-left:0\"><video height=\"576\" style=\"aspect-ratio: 720 \/ 576;\" width=\"720\" controls poster=\"https:\/\/igffb.de\/wp-content\/uploads\/2023\/03\/Jens-Krabel1_c_Bettina-Straub-768x512-1.jpg\" src=\"https:\/\/igffb.de\/wp-content\/uploads\/2023\/03\/IGFFB-Interviews-Jens-2-OE-in-Kitas-ohne-Fragen.mp4\"><\/video><figcaption class=\"wp-element-caption\"><strong>Jens Krabel: Organisationsentwicklung in der Kita<\/strong><\/figcaption><\/figure>\n<\/div>\n<\/div>\n<\/div>\n<\/div>\n<\/div>\n\n\n\n<div class=\"blockart-spacing blockart-spacing-f7e4fd51\"><div class=\"blockart-spacing-inner\"><\/div><\/div>\n\n\n\n<div class=\"wp-block-columns alignwide has-background has-medium-font-size is-layout-flex wp-container-core-columns-is-layout-627c89c8 wp-block-columns-is-layout-flex\" style=\"background-color:#c0c2ab21;margin-top:0;margin-bottom:0;padding-top:var(--wp--preset--spacing--40);padding-right:var(--wp--preset--spacing--50);padding-bottom:var(--wp--preset--spacing--40);padding-left:var(--wp--preset--spacing--70)\">\n<div class=\"wp-block-column has-large-font-size is-layout-flow wp-block-column-is-layout-flow\">\n<h2 class=\"wp-block-heading\" style=\"font-size:30px\">Organisationsanalyse<br>&amp; Perspektiven<\/h2>\n<\/div>\n\n\n\n<div class=\"wp-block-column has-x-large-font-size is-layout-flow wp-block-column-is-layout-flow\">\n<h2 class=\"wp-block-heading\" style=\"font-size:30px\">Beratung<br>&amp; Begleitung<\/h2>\n<\/div>\n\n\n\n<div class=\"wp-block-column has-x-large-font-size is-layout-flow wp-block-column-is-layout-flow\">\n<h2 class=\"wp-block-heading\" style=\"font-size:30px\">Fortbildungen<br> &amp; Vortr\u00e4ge<\/h2>\n<\/div>\n<\/div>\n\n\n\n<div class=\"wp-block-columns alignwide is-layout-flex wp-container-core-columns-is-layout-304932aa wp-block-columns-is-layout-flex\" style=\"margin-top:0;margin-bottom:0;padding-top:var(--wp--preset--spacing--40);padding-bottom:var(--wp--preset--spacing--40)\">\n<div class=\"wp-block-column is-layout-flow wp-block-column-is-layout-flow\">\n<p style=\"margin-top:0;margin-bottom:0;margin-left:0;padding-right:var(--wp--preset--spacing--40);padding-left:var(--wp--preset--spacing--40);font-size:18px;font-style:normal;font-weight:700;line-height:2\">Sie m\u00f6chten den organisationalen Ist-Stand Ihres Kita-Tr\u00e4gers analysieren und reflektieren und Ver\u00e4nderungspotenziale erkennen?<\/p>\n<\/div>\n\n\n\n<div class=\"wp-block-column is-layout-flow wp-block-column-is-layout-flow\">\n<p style=\"margin-bottom:0;padding-top:0;padding-right:var(--wp--preset--spacing--20);padding-bottom:0;padding-left:var(--wp--preset--spacing--30);font-size:18px;font-style:normal;font-weight:700;line-height:2\">Sie m\u00f6chten Ihren Kita-Tr\u00e4ger weiterentwickeln und neue organisationale Strukturen verankern bzw. organisations- und personalbezogene Ma\u00dfnahmen umsetzen?<\/p>\n<\/div>\n\n\n\n<div class=\"wp-block-column is-layout-flow wp-block-column-is-layout-flow\">\n<p style=\"margin-bottom:0;padding-right:var(--wp--preset--spacing--30);padding-left:var(--wp--preset--spacing--30);font-style:normal;font-weight:700;line-height:2\">Sie interessieren sich f\u00fcr Fortbildungen, Workshops oder Vortr\u00e4ge<strong> <\/strong>zum Thema \u201eSystemische Organisationsentwicklung\u201c?<\/p>\n<\/div>\n<\/div>\n\n\n\n<div class=\"wp-block-columns alignwide has-background is-layout-flex wp-container-core-columns-is-layout-a1f62a3c wp-block-columns-is-layout-flex\" style=\"background-color:#c0c2ab21;margin-top:0;margin-bottom:0;padding-top:var(--wp--preset--spacing--30);padding-bottom:var(--wp--preset--spacing--30);line-height:0.9\">\n<div class=\"wp-block-column is-layout-constrained wp-block-column-is-layout-constrained\">\n<p style=\"margin-top:0;margin-bottom:0;margin-left:0;padding-right:var(--wp--preset--spacing--20);padding-left:var(--wp--preset--spacing--30);font-size:18px;line-height:2\">Im Rahmen von methodisch angeleiteten Gespr\u00e4chen, Workshops oder partizipativen Mitarbeiter:innen-Befragungen machen wir uns mit Ihnen auf den Weg, den Ist-Stand Ihrer Organisation zu reflektieren, neue Perspektiven einzunehmen.<\/p>\n<\/div>\n\n\n\n<div class=\"wp-block-column is-layout-flow wp-block-column-is-layout-flow\">\n<p style=\"margin-bottom:0;padding-top:0;padding-right:var(--wp--preset--spacing--20);padding-bottom:0;padding-left:var(--wp--preset--spacing--30);font-size:18px;line-height:2\">Wir begleiten und beraten Sie prozesshaft bei der Implementierung von Organisations- und Personalentwicklungsma\u00dfnahmen<\/p>\n<\/div>\n\n\n\n<div class=\"wp-block-column is-layout-flow wp-block-column-is-layout-flow\">\n<p style=\"margin-bottom:0;padding-right:var(--wp--preset--spacing--30);padding-left:var(--wp--preset--spacing--30);font-size:18px;line-height:2\">Wir bieten mehrst\u00fcndige, ein- oder mehrt\u00e4gige Fortbildungen und Workshops sowie digitale und analoge Vortr\u00e4ge hierzu an.<\/p>\n<\/div>\n<\/div>\n\n\n\n<div class=\"wp-block-columns alignwide is-layout-flex wp-container-core-columns-is-layout-7fc835e5 wp-block-columns-is-layout-flex\" style=\"border-style:none;border-width:0px;margin-top:var(--wp--preset--spacing--30);padding-top:var(--wp--preset--spacing--30);padding-right:var(--wp--preset--spacing--40);padding-bottom:0;padding-left:var(--wp--preset--spacing--40);line-height:2\">\n<div class=\"wp-block-column is-layout-flow wp-block-column-is-layout-flow\" style=\"padding-top:0;padding-right:0;padding-bottom:0;padding-left:var(--wp--preset--spacing--30)\">\n<h3 class=\"wp-block-heading\" style=\"margin-left:var(--wp--preset--spacing--50);font-size:24px\">Wir analysieren und reflektieren mit Ihnen beispielsweise folgende Fragen:<\/h3>\n\n\n\n<div class=\"wp-block-columns is-layout-flex wp-container-core-columns-is-layout-ec2e7a44 wp-block-columns-is-layout-flex\" style=\"padding-top:0;padding-bottom:0\">\n<div class=\"wp-block-column is-layout-flow wp-block-column-is-layout-flow\" style=\"flex-basis:100%\">\n<div class=\"wp-block-group is-layout-constrained wp-block-group-is-layout-constrained\">\n<div class=\"wp-block-columns is-layout-flex wp-container-core-columns-is-layout-d7d455e7 wp-block-columns-is-layout-flex\" style=\"padding-top:0;padding-right:0;padding-bottom:0;padding-left:0\">\n<div class=\"wp-block-column is-layout-flow wp-block-column-is-layout-flow\" style=\"padding-top:0;padding-right:0;padding-left:0;flex-basis:100%\">\n<ul class=\"wp-block-list\">\n<li>Welche Personalgewinnungs- und Personalentwicklungskonzepte gibt es in Ihrer Organisation wie werden sie gelebt?<\/li>\n\n\n\n<li>Wie hoch ist die Personalfluktuation? Was sind die Gr\u00fcnde daf\u00fcr, dass Mitarbeiter:innen k\u00fcndigen?<\/li>\n\n\n\n<li>Wie verlaufen Entscheidungs- und Kommunikationsprozesse in der Gesch\u00e4ftsstelle bzw. in den Kitas?<\/li>\n\n\n\n<li>Wie stehen Ihre Mitarbeiter:innen zum Thema \u201eDigitalisierung\u201c?<\/li>\n\n\n\n<li>Wie werden die Angebote der Fachberatung wahrgenommen?<\/li>\n\n\n\n<li>Wie viel Partizipation bzw. Gestaltungsspielr\u00e4ume erm\u00f6glicht die Organisation formal den Mitarbeiter:innen? Wie wird Partizipation und Beteiligung ganz konkret gelebt?<\/li>\n\n\n\n<li>Welches F\u00fchrungskonzept bzw. welche F\u00fchrungskultur existiert in der Gesch\u00e4ftsstelle bzw. in den Kitas?<\/li>\n<\/ul>\n<\/div>\n<\/div>\n<\/div>\n<\/div>\n<\/div>\n<\/div>\n\n\n\n<div class=\"wp-block-column is-layout-flow wp-block-column-is-layout-flow\" style=\"padding-top:0;padding-right:0;padding-bottom:0;padding-left:var(--wp--preset--spacing--30)\">\n<h2 class=\"wp-block-heading\" style=\"margin-bottom:var(--wp--preset--spacing--40);font-size:24px\">Wir beraten und begleiten Sie beispielsweise bei folgenden Themen:<\/h2>\n\n\n\n<div class=\"wp-block-columns is-layout-flex wp-container-core-columns-is-layout-54c329c4 wp-block-columns-is-layout-flex\" style=\"margin-top:0;margin-bottom:0;padding-top:0;padding-right:0;padding-bottom:0;padding-left:0\">\n<div class=\"wp-block-column is-layout-flow wp-block-column-is-layout-flow\" style=\"flex-basis:100%\">\n<ul class=\"wp-block-list\">\n<li>Einf\u00fchrung diversit\u00e4tssensibler Personal- und Personalbindungsstrategien<\/li>\n\n\n\n<li>Einf\u00fchrung von Personalentwicklungsstrategien<\/li>\n\n\n\n<li>Implementierung neuer Kommunikations- und Entscheidungsstrukturen<\/li>\n\n\n\n<li>Digitalen Transformation Ihrer Organisation bzw. Ihrer Kitas (Verwaltung, Kommunikation, Dokumentation, Medienbildung)<\/li>\n\n\n\n<li>Entwicklung und Verankerung von p\u00e4dagogischen Konzepten und Leitlinien<\/li>\n\n\n\n<li>Etablierung von vertikalen Fachkarrieren bei Kita-Tr\u00e4gern<\/li>\n\n\n\n<li>Weiterentwicklung der Kita als Lernort<\/li>\n\n\n\n<li>Etablierung einer Willkommenskultur<\/li>\n<\/ul>\n<\/div>\n<\/div>\n<\/div>\n\n\n\n<div class=\"wp-block-column is-layout-flow wp-block-column-is-layout-flow\">\n<h2 class=\"wp-block-heading\" style=\"font-size:24px\">Wir geben beispielsweise Einf\u00fchrungen und Fortbildungen zu folgenden Themenbereichen:<\/h2>\n\n\n\n<ul class=\"wp-block-list\" style=\"margin-right:var(--wp--preset--spacing--30);margin-left:var(--wp--preset--spacing--50)\">\n<li>Forschungsstand zur Organisations- und Personalentwicklung bei Kita-Tr\u00e4gern<\/li>\n\n\n\n<li>Organisations- und Personalentwicklung bei Kita-Tr\u00e4gern &#8211; Beispiele guter Praxis und Anregungen f\u00fcr die eigene Organisation<\/li>\n\n\n\n<li>M\u00f6glichkeiten und Grenzen systemischer Organisationsentwicklung f\u00fcr Kita-Tr\u00e4ger<\/li>\n\n\n\n<li>Die formale, informale und Schauseite einer Organisation &#8211; Verbindungen, gegenseitige Abh\u00e4ngigkeiten und Stellschrauben<\/li>\n\n\n\n<li>Artefaktenanalyse und ihre Bedeutung f\u00fcr das Verst\u00e4ndnis von Organisationen<\/li>\n<\/ul>\n<\/div>\n<\/div>\n","protected":false},"excerpt":{"rendered":"<p>Wir beraten und begleiten Kita-Tr\u00e4ger bei der Weiterentwicklung Ihrer Organisation und ihres Personals. Unsere Beratung zeichnet sich durch eine starke Beteiligungs- und Prozessorientierung sowie durch eine ressourcenorientierte und wertsch\u00e4tzende Perspektive auf Ihre Organisation aus. Organisationsanalyse&amp; Perspektiven Beratung&amp; Begleitung Fortbildungen &amp; Vortr\u00e4ge Sie m\u00f6chten den organisationalen Ist-Stand Ihres Kita-Tr\u00e4gers analysieren und reflektieren und Ver\u00e4nderungspotenziale erkennen? Sie [&hellip;]<\/p>\n","protected":false},"author":1,"featured_media":0,"parent":1073,"menu_order":0,"comment_status":"closed","ping_status":"closed","template":"","meta":{"zakra_page_container_layout":"stretched","zakra_page_sidebar_layout":"no_sidebar","zakra_remove_content_margin":false,"zakra_sidebar":"customizer","zakra_transparent_header":"customizer","zakra_logo":0,"zakra_main_header_style":"default","zakra_menu_item_color":"","zakra_menu_item_hover_color":"","zakra_menu_item_active_color":"","zakra_menu_active_style":"","zakra_page_header":true,"footnotes":""},"class_list":["post-957","page","type-page","status-publish","hentry"],"_links":{"self":[{"href":"https:\/\/igffb.de\/index.php?rest_route=\/wp\/v2\/pages\/957","targetHints":{"allow":["GET"]}}],"collection":[{"href":"https:\/\/igffb.de\/index.php?rest_route=\/wp\/v2\/pages"}],"about":[{"href":"https:\/\/igffb.de\/index.php?rest_route=\/wp\/v2\/types\/page"}],"author":[{"embeddable":true,"href":"https:\/\/igffb.de\/index.php?rest_route=\/wp\/v2\/users\/1"}],"replies":[{"embeddable":true,"href":"https:\/\/igffb.de\/index.php?rest_route=%2Fwp%2Fv2%2Fcomments&post=957"}],"version-history":[{"count":97,"href":"https:\/\/igffb.de\/index.php?rest_route=\/wp\/v2\/pages\/957\/revisions"}],"predecessor-version":[{"id":1747,"href":"https:\/\/igffb.de\/index.php?rest_route=\/wp\/v2\/pages\/957\/revisions\/1747"}],"up":[{"embeddable":true,"href":"https:\/\/igffb.de\/index.php?rest_route=\/wp\/v2\/pages\/1073"}],"wp:attachment":[{"href":"https:\/\/igffb.de\/index.php?rest_route=%2Fwp%2Fv2%2Fmedia&parent=957"}],"curies":[{"name":"wp","href":"https:\/\/api.w.org\/{rel}","templated":true}]}}