{"id":573,"date":"2023-03-28T16:07:01","date_gmt":"2023-03-28T16:07:01","guid":{"rendered":"http:\/\/igffb.pat-ex.de\/?page_id=573"},"modified":"2023-04-25T08:40:35","modified_gmt":"2023-04-25T08:40:35","slug":"diversity-und-gender-2","status":"publish","type":"page","link":"https:\/\/igffb.de\/?page_id=573","title":{"rendered":"Diversit\u00e4t und Geschlecht (Gender)"},"content":{"rendered":"\n<div class=\"wp-block-columns alignwide is-layout-flex wp-container-core-columns-is-layout-d7d455e7 wp-block-columns-is-layout-flex\" style=\"padding-top:0;padding-right:0;padding-bottom:0;padding-left:0\">\n<div class=\"wp-block-column has-medium-font-size is-layout-flow wp-block-column-is-layout-flow\" style=\"padding-left:var(--wp--preset--spacing--40);flex-basis:66.66%\">\n<h2 class=\"wp-block-heading has-medium-font-size\" style=\"margin-top:0;margin-right:0;margin-left:var(--wp--preset--spacing--60);line-height:1.7\">Das Themenfeld \u201eDiversit\u00e4t und Geschlecht (Gender)\u201c hat im Feld der fr\u00fchen Bildung einen zentralen Stellenwert. Praxiserfahrungen und Studien verdeutlichen allerdings: Die Begriffe sowie die Frage, wie eine diversit\u00e4ts- und geschlechtersensible Organisationsentwicklung bzw. P\u00e4dagogik bei Kita-Tr\u00e4gern und Kitas umgesetzt werden kann, sind in vieler Hinsicht noch deutungsoffen. <br>Wir unterst\u00fctzen Kita-Tr\u00e4ger bei der Weiterentwicklung von diversit\u00e4ts- und geschlechterbezogenen Ans\u00e4tzen.<\/h2>\n<\/div>\n\n\n\n<div class=\"wp-block-column is-layout-flow wp-block-column-is-layout-flow\" style=\"flex-basis:33.33%\">\n<div class=\"blockart-image blockart-image-278b87a3\"><img loading=\"lazy\" decoding=\"async\" class=\"wp-image-1748\" src=\"https:\/\/igffb.de\/wp-content\/uploads\/2023\/04\/Diversity-Versuch_2084-Kopie-scaled-e1682411864197.jpg\" alt=\"\" height=\"1555\" width=\"2560\" srcset=\"https:\/\/igffb.de\/wp-content\/uploads\/2023\/04\/Diversity-Versuch_2084-Kopie-scaled-e1682411864197.jpg 2560w, https:\/\/igffb.de\/wp-content\/uploads\/2023\/04\/Diversity-Versuch_2084-Kopie-scaled-e1682411864197-300x182.jpg 300w, https:\/\/igffb.de\/wp-content\/uploads\/2023\/04\/Diversity-Versuch_2084-Kopie-scaled-e1682411864197-1024x622.jpg 1024w, https:\/\/igffb.de\/wp-content\/uploads\/2023\/04\/Diversity-Versuch_2084-Kopie-scaled-e1682411864197-768x467.jpg 768w, https:\/\/igffb.de\/wp-content\/uploads\/2023\/04\/Diversity-Versuch_2084-Kopie-scaled-e1682411864197-1536x933.jpg 1536w, https:\/\/igffb.de\/wp-content\/uploads\/2023\/04\/Diversity-Versuch_2084-Kopie-scaled-e1682411864197-2048x1244.jpg 2048w\" sizes=\"auto, (max-width: 2560px) 100vw, 2560px\" \/><\/div>\n<\/div>\n<\/div>\n\n\n\n<div class=\"wp-block-columns alignwide has-background is-layout-flex wp-container-core-columns-is-layout-4954d7a2 wp-block-columns-is-layout-flex\" style=\"background-color:#e4e3d37d;margin-top:0;margin-bottom:0;padding-top:var(--wp--preset--spacing--40);padding-right:var(--wp--preset--spacing--60);padding-bottom:var(--wp--preset--spacing--40);padding-left:var(--wp--preset--spacing--30)\">\n<div class=\"wp-block-column is-layout-flow wp-block-column-is-layout-flow\" style=\"padding-left:var(--wp--preset--spacing--60);font-size:40px\">\n<h2 class=\"wp-block-heading\" style=\"padding-right:0;padding-left:0;font-size:30px\">Bestandsanalyse &amp; Perspektiven<\/h2>\n<\/div>\n\n\n\n<div class=\"wp-block-column is-layout-flow wp-block-column-is-layout-flow\" style=\"padding-right:0;padding-left:0;font-size:40px\">\n<h2 class=\"wp-block-heading\" style=\"font-size:30px\">Beratung &amp; <br>Begleitung<\/h2>\n<\/div>\n\n\n\n<div class=\"wp-block-column is-layout-flow wp-block-column-is-layout-flow\" style=\"padding-top:0;padding-right:0;padding-bottom:0;padding-left:0\">\n<h2 class=\"wp-block-heading\" style=\"padding-right:0;padding-left:0;font-size:30px\">Fortbildungen &amp; <br>Vortr\u00e4ge<\/h2>\n<\/div>\n<\/div>\n\n\n\n<div class=\"wp-block-columns alignwide is-layout-flex wp-container-core-columns-is-layout-cd6a0e38 wp-block-columns-is-layout-flex\" style=\"padding-bottom:0;font-size:18px;line-height:2\">\n<div class=\"wp-block-column is-layout-flow wp-block-column-is-layout-flow\">\n<p>Sie m\u00f6chten der Frage nachgehen, wie weit Ihr Tr\u00e4ger bzw. Ihre Kitas bei der Umsetzung diversit\u00e4ts- und geschlechtergerechter Strukturen, Konzepte und Ma\u00dfnahmen gekommen ist?<\/p>\n\n\n\n<div style=\"height:0px\" aria-hidden=\"true\" class=\"wp-block-spacer\"><\/div>\n\n\n\n<p>Gemeinsam mit Ihnen erarbeiten wir eine diversit\u00e4ts- und geschlechterbezogene <a href=\"https:\/\/igffb.de\/?page_id=282\">Bestandsaufnahme<\/a> Ihres Tr\u00e4gers und Ihrer Kitas und reflektieren Bedarfe hinsichtlich der Weiterentwicklung von diversit\u00e4ts- und geschlechterbezogenen Ma\u00dfnahmen.<strong> &nbsp;<\/strong><\/p>\n<\/div>\n\n\n\n<div class=\"wp-block-column is-layout-flow wp-block-column-is-layout-flow\">\n<p>Sie m\u00f6chten die diversit\u00e4ts- und geschlechterbezogenen sowie die diskriminierungssensiblen Ans\u00e4tze Ihres Kita-Tr\u00e4gers und Ihrer Kitas weiterentwickeln?<\/p>\n\n\n\n<div style=\"height:12px\" aria-hidden=\"true\" class=\"wp-block-spacer\"><\/div>\n\n\n\n<p>Wir begleiten und beraten Sie prozesshaft und beteiligungsorientiert bei der Implementierung von diversit\u00e4ts- und geschlechterbezogenen Strukturen und Ma\u00dfnahmen.<\/p>\n<\/div>\n\n\n\n<div class=\"wp-block-column is-layout-flow wp-block-column-is-layout-flow\" style=\"padding-top:0\">\n<p>Sie interessieren sich f\u00fcr Fortbildungen, Workshops oder Vortr\u00e4ge zu den Themen &#8222;Diversit\u00e4t&#8220; und &#8222;Geschlecht (Gender)&#8220;? <\/p>\n\n\n\n<div style=\"height:48px\" aria-hidden=\"true\" class=\"wp-block-spacer\"><\/div>\n\n\n\n<p>Wir bieten mehrst\u00fcndige, ein- oder mehrt\u00e4gige Fortbildungen, Workshops und digitale und analoge Vortr\u00e4ge sowie die Durchf\u00fchrung von Elternabenden hierzu an.<\/p>\n<\/div>\n<\/div>\n\n\n\n<div class=\"wp-block-columns alignwide has-background has-medium-font-size is-layout-flex wp-container-core-columns-is-layout-cb978c74 wp-block-columns-is-layout-flex\" style=\"background-color:#e4e3d37d;padding-top:var(--wp--preset--spacing--30);padding-right:var(--wp--preset--spacing--50);padding-bottom:var(--wp--preset--spacing--30);padding-left:var(--wp--preset--spacing--60);line-height:2\">\n<div class=\"wp-block-column is-layout-flow wp-block-column-is-layout-flow\">\n<p>Wir analysieren und reflektieren mit Ihnen beispielsweise<strong>:<\/strong><\/p>\n<\/div>\n\n\n\n<div class=\"wp-block-column is-layout-flow wp-block-column-is-layout-flow\">\n<p>Wir beraten und begleiten Sie beispielsweise bei der:<\/p>\n<\/div>\n\n\n\n<div class=\"wp-block-column is-layout-flow wp-block-column-is-layout-flow\">\n<p>Wir geben beispielsweise Einf\u00fchrungen in folgende Themen:<\/p>\n<\/div>\n<\/div>\n\n\n\n<div class=\"wp-block-columns alignwide is-layout-flex wp-container-core-columns-is-layout-13be685a wp-block-columns-is-layout-flex\" style=\"padding-top:var(--wp--preset--spacing--40);padding-right:var(--wp--preset--spacing--30);padding-bottom:0;padding-left:var(--wp--preset--spacing--30);font-size:18px;line-height:1.8\">\n<div class=\"wp-block-column is-layout-flow wp-block-column-is-layout-flow\">\n<ul class=\"wp-block-list\">\n<li>Welche Potenziale gibt es bei Ihrem Tr\u00e4ger f\u00fcr die Weiterentwicklung diversit\u00e4ts- und geschlechterbezogenen Ma\u00dfnahmen?<\/li>\n\n\n\n<li>Welches Verst\u00e4ndnis von Diversit\u00e4t und Geschlecht (Gender) gibt es beim Tr\u00e4ger und seinen Kitas?<\/li>\n\n\n\n<li>Welche Arbeits- und T\u00e4tigkeitsaufteilungen bzw. Beziehungsdynamiken gibt es in geschlechtergemischten oder multiprofessionellen Teams?<\/li>\n\n\n\n<li>Inwieweit unterliegen Ihre m\u00e4nnlichen Mitarbeiter ggf. pauschale Verd\u00e4chtigungen von Seiten der Eltern?<\/li>\n\n\n\n<li><strong>I<\/strong>nwieweit beg\u00fcnstigen bzw. hemmen Rahmenbedingungen, Strukturen und Konzepte von Tr\u00e4gern und Kitas die Umsetzung von diversit\u00e4ts- und geschlechtergerechten Organisationsstrategien und p\u00e4dagogischen Ans\u00e4tzen<\/li>\n<\/ul>\n<\/div>\n\n\n\n<div class=\"wp-block-column is-layout-flow wp-block-column-is-layout-flow\">\n<ul class=\"wp-block-list\">\n<li>Etablierung von diversit\u00e4ts- und geschlechtersensiblen Organisationsstrategien, wie z.B. diversit\u00e4ts- und geschlechterbezogene Leitbildentwicklung und Personalgewinnungsma\u00dfnahmen oder die Einrichtung eines\/einer Anti-Diskriminierungsbeauftragten.&nbsp;<\/li>\n\n\n\n<li>Entwicklung von diversit\u00e4ts- und geschlechtersensiblen p\u00e4dagogischen Ans\u00e4tze, wie z.B. geschlechtersensible oder diskriminierungssensible P\u00e4dagogik<\/li>\n\n\n\n<li>Erarbeitung eines Schutzkonzepts, dass Kinder vor sexueller Gewalt und m\u00e4nnliche Fachkr\u00e4fte vor pauschalen Verd\u00e4chtigungen sch\u00fctzt<\/li>\n\n\n\n<li>Umsetzung einer diversit\u00e4ts- und geschlechtersensiblen Willkommenskultur<\/li>\n\n\n\n<li>Weiterentwicklung Ihrer Kitas zu diversit\u00e4ts- und geschlechtersensiblen Lernorten f\u00fcr Studierende, Fachsch\u00fcler:innen und Auszubildende<\/li>\n\n\n\n<li>Einrichtung eines Arbeitskreises f\u00fcr m\u00e4nnliche Fachkr\u00e4fte<\/li>\n<\/ul>\n\n\n\n<p><\/p>\n<\/div>\n\n\n\n<div class=\"wp-block-column is-layout-flow wp-block-column-is-layout-flow\">\n<ul class=\"wp-block-list\">\n<li>Welche Bedeutung hat das Geschlecht p\u00e4dagogischer Fachkr\u00e4fte in Kindertageseinrichtungen f\u00fcr die p\u00e4dagogische Praxis?<\/li>\n\n\n\n<li>Dynamiken gemischtgeschlechtlicher und multiprofessioneller Teams<\/li>\n\n\n\n<li>Klischeesensible Vielfalt in Kitas<\/li>\n\n\n\n<li>Generalverdacht und sexueller Missbrauch in Kitas: Bestandsanalyse und Bausteine f\u00fcr ein Schutzkonzept<\/li>\n\n\n\n<li>Diskriminierungserfahrungen und \u2013schutz m\u00e4nnlicher Fachkr\u00e4fte in Kindertageseinrichtungen<\/li>\n\n\n\n<li>Geschlechtersensible P\u00e4dagogik in Kitas<\/li>\n\n\n\n<li>Konzepte des \u201eUn\/doing gender\u201c und \u201eUn\/doing differences in Kitas<\/li>\n<\/ul>\n<\/div>\n<\/div>\n","protected":false},"excerpt":{"rendered":"<p>Das Themenfeld \u201eDiversit\u00e4t und Geschlecht (Gender)\u201c hat im Feld der fr\u00fchen Bildung einen zentralen Stellenwert. Praxiserfahrungen und Studien verdeutlichen allerdings: Die Begriffe sowie die Frage, wie eine diversit\u00e4ts- und geschlechtersensible Organisationsentwicklung bzw. P\u00e4dagogik bei Kita-Tr\u00e4gern und Kitas umgesetzt werden kann, sind in vieler Hinsicht noch deutungsoffen. Wir unterst\u00fctzen Kita-Tr\u00e4ger bei der Weiterentwicklung von diversit\u00e4ts- und [&hellip;]<\/p>\n","protected":false},"author":1,"featured_media":0,"parent":1073,"menu_order":0,"comment_status":"closed","ping_status":"closed","template":"","meta":{"zakra_page_container_layout":"stretched","zakra_page_sidebar_layout":"no_sidebar","zakra_remove_content_margin":false,"zakra_sidebar":"customizer","zakra_transparent_header":"customizer","zakra_logo":0,"zakra_main_header_style":"default","zakra_menu_item_color":"","zakra_menu_item_hover_color":"","zakra_menu_item_active_color":"","zakra_menu_active_style":"","zakra_page_header":true,"footnotes":""},"class_list":["post-573","page","type-page","status-publish","hentry"],"_links":{"self":[{"href":"https:\/\/igffb.de\/index.php?rest_route=\/wp\/v2\/pages\/573","targetHints":{"allow":["GET"]}}],"collection":[{"href":"https:\/\/igffb.de\/index.php?rest_route=\/wp\/v2\/pages"}],"about":[{"href":"https:\/\/igffb.de\/index.php?rest_route=\/wp\/v2\/types\/page"}],"author":[{"embeddable":true,"href":"https:\/\/igffb.de\/index.php?rest_route=\/wp\/v2\/users\/1"}],"replies":[{"embeddable":true,"href":"https:\/\/igffb.de\/index.php?rest_route=%2Fwp%2Fv2%2Fcomments&post=573"}],"version-history":[{"count":34,"href":"https:\/\/igffb.de\/index.php?rest_route=\/wp\/v2\/pages\/573\/revisions"}],"predecessor-version":[{"id":1752,"href":"https:\/\/igffb.de\/index.php?rest_route=\/wp\/v2\/pages\/573\/revisions\/1752"}],"up":[{"embeddable":true,"href":"https:\/\/igffb.de\/index.php?rest_route=\/wp\/v2\/pages\/1073"}],"wp:attachment":[{"href":"https:\/\/igffb.de\/index.php?rest_route=%2Fwp%2Fv2%2Fmedia&parent=573"}],"curies":[{"name":"wp","href":"https:\/\/api.w.org\/{rel}","templated":true}]}}