{"id":21,"date":"2021-11-22T15:42:56","date_gmt":"2021-11-22T15:42:56","guid":{"rendered":"https:\/\/igffb.de\/?page_id=21"},"modified":"2023-04-25T09:19:58","modified_gmt":"2023-04-25T09:19:58","slug":"wir-ueber-uns","status":"publish","type":"page","link":"https:\/\/igffb.de\/?page_id=21","title":{"rendered":"Wir \u00fcber uns"},"content":{"rendered":"\n<div class=\"alignwide blockart-section blockart-section-f3d8e8a1 alignwide\"><div class=\"blockart-container-fluid\"><div class=\"blockart-section-inner\">\n<div class=\"blockart-column blockart-column-e9542765\"><div class=\"blockart-column-inner\">\n<div class=\"wp-block-columns is-layout-flex wp-container-core-columns-is-layout-dcb59391 wp-block-columns-is-layout-flex\" style=\"border-style:none;border-width:0px;margin-top:0;margin-bottom:0;padding-top:0;padding-right:0;padding-bottom:0;padding-left:0\">\n<div class=\"wp-block-column is-layout-flow wp-block-column-is-layout-flow\">\n<div class=\"wp-block-group alignwide is-layout-constrained wp-container-core-group-is-layout-da6817d8 wp-block-group-is-layout-constrained\" style=\"margin-top:0;margin-bottom:0;padding-top:0;padding-right:0;padding-bottom:0;padding-left:0\">\n<div class=\"wp-block-group is-layout-constrained wp-block-group-is-layout-constrained\">\n<figure class=\"wp-block-image aligncenter size-full is-resized has-custom-border\"><img loading=\"lazy\" decoding=\"async\" src=\"https:\/\/igffb.de\/wp-content\/uploads\/2023\/03\/Jens-Krabel1_c_Bettina-Straub-768x512-1-e1682413118798.jpg\" alt=\"\" class=\"wp-image-498\" style=\"border-style:none;border-width:0px\" width=\"338\" height=\"225\" srcset=\"https:\/\/igffb.de\/wp-content\/uploads\/2023\/03\/Jens-Krabel1_c_Bettina-Straub-768x512-1-e1682413118798.jpg 450w, https:\/\/igffb.de\/wp-content\/uploads\/2023\/03\/Jens-Krabel1_c_Bettina-Straub-768x512-1-e1682413118798-300x200.jpg 300w\" sizes=\"auto, (max-width: 338px) 100vw, 338px\" \/><\/figure>\n<\/div>\n<\/div>\n<\/div>\n\n\n\n<div class=\"wp-block-column is-layout-flow wp-block-column-is-layout-flow\">\n<div class=\"wp-block-group alignwide is-layout-constrained wp-container-core-group-is-layout-45bb3a24 wp-block-group-is-layout-constrained\" style=\"margin-top:0;padding-top:0;padding-right:0;padding-bottom:0;padding-left:0\">\n<figure class=\"wp-block-image aligncenter size-full is-resized\"><img loading=\"lazy\" decoding=\"async\" src=\"https:\/\/igffb.de\/wp-content\/uploads\/2023\/03\/Schaedler-450x300-n.jpg\" alt=\"\" class=\"wp-image-824\" width=\"338\" height=\"225\" srcset=\"https:\/\/igffb.de\/wp-content\/uploads\/2023\/03\/Schaedler-450x300-n.jpg 450w, https:\/\/igffb.de\/wp-content\/uploads\/2023\/03\/Schaedler-450x300-n-300x200.jpg 300w\" sizes=\"auto, (max-width: 338px) 100vw, 338px\" \/><\/figure>\n<\/div>\n<\/div>\n<\/div>\n<\/div><\/div>\n<\/div><\/div><\/div>\n\n\n\n<div class=\"wp-block-columns alignwide is-layout-flex wp-container-core-columns-is-layout-b5d949ab wp-block-columns-is-layout-flex\" style=\"padding-top:var(--wp--preset--spacing--30);padding-bottom:0\">\n<div class=\"wp-block-column is-layout-flow wp-block-column-is-layout-flow\">\n<p class=\"has-text-align-center\">Jens Krabel<\/p>\n<\/div>\n\n\n\n<div class=\"wp-block-column is-layout-flow wp-block-column-is-layout-flow\">\n<p class=\"has-text-align-center\">Sebastian Sch\u00e4dler<\/p>\n<\/div>\n<\/div>\n\n\n\n<div class=\"wp-block-columns is-layout-flex wp-container-core-columns-is-layout-f416894f wp-block-columns-is-layout-flex\" style=\"border-style:none;border-width:0px;margin-top:0;margin-bottom:0;padding-top:var(--wp--preset--spacing--30);padding-right:var(--wp--preset--spacing--60);padding-bottom:var(--wp--preset--spacing--60);padding-left:var(--wp--preset--spacing--60);line-height:2\">\n<div class=\"wp-block-column is-layout-flow wp-block-column-is-layout-flow\" style=\"flex-basis:50%\">\n<div class=\"blockart-section blockart-section-3dd64bc2\"><div class=\"blockart-container-fluid\"><div class=\"blockart-section-inner\">\n<div class=\"blockart-column blockart-column-bed769d5\"><div class=\"blockart-column-inner\">\n<p class=\"has-text-align-left\" style=\"font-size:15px\">Leitung, Koordination und wissenschaftliche Begleitung von nationalen und internationalen Forschungs- und Modellprojekten im Bereich der fr\u00fchen Bildung zu den Themenschwerpunkten &#8222;Gender und Diversity&#8220;, &#8222;Multiprofessionelle Teams&#8220;, &#8222;Quereinstieg&#8220;, &#8222;Berufsbegleitende Erzieher:innenausbildung&#8220; und &#8222;Lernort Praxis&#8220; , u.a. f\u00fcr die Katholische Hochschule f\u00fcr Sozialwesen Berlin<\/p>\n\n\n\n<p>Studium der Politikwissenschaft am Otto-Suhr-Institut an der Freien Universit\u00e4t Berlin. Berufsbegleitende Weiterbildung zum systemischen Organisationsberater.<\/p>\n\n\n\n<p>Autoren-, Vortrags- und Referentent\u00e4tigkeit sowie Evaluationen u.a. zu den Themen &#8222;Geschlechterbewusste P\u00e4dagogik&#8220;, &#8222;M\u00e4nner in Kitas&#8220;, &#8222;Kita-Qualit\u00e4t&#8220;, &#8222;Pr\u00e4ventionskonzepte&#8220;, &#8222;Kita als Lernort&#8220; und &#8222;Lernortkooperation zwischen Fachschule und Kita&#8220;<\/p>\n\n\n\n<p>Organisationsberatung f\u00fcr Kita-Tr\u00e4ger<\/p>\n<\/div><\/div>\n<\/div><\/div><\/div>\n<\/div>\n\n\n\n<div class=\"wp-block-column is-layout-flow wp-block-column-is-layout-flow\" style=\"flex-basis:50%\">\n<p>Seit 1.4.2022 Professor f\u00fcr Sexualp\u00e4dagogik an der Medical School Berlin MSB, Studiengang Sexualwissenschaft (MA)<\/p>\n\n\n\n<p>2008 &#8211; 2022 Professor mit dem Schwerpunkt Medienp\u00e4dagogik an der Evangelischen Hochschule Berlin EHB im Studiengang Soziale Arbeit (BA), und Kindheitsp\u00e4dagogik (BA). Betreuung von Projekten digital gest\u00fctzter Bildung mit tablets in Berliner Grundschulen.<br>Langj\u00e4hriger E-Learning-Beauftragter der EHB.<\/p>\n\n\n\n<p>Vortr\u00e4ge, Beratungen, Evaluationen und Gutachten zu den Themen Implementierung digitaler Strukturen in Bildungseinrichtungen (v.a. Schulen) und Einrichtungen der Sozialen Arbeit<\/p>\n\n\n\n<p>Evaluation der didaktischen Eignung von Server-Strukturen f\u00fcr die Berliner Senatsbildungsverwaltung<\/p>\n<\/div>\n<\/div>\n\n\n\n<div class=\"wp-block-group has-background is-layout-constrained wp-container-core-group-is-layout-6379c938 wp-block-group-is-layout-constrained\" style=\"border-top-width:1px;border-right-style:none;border-right-width:0px;border-bottom-style:none;border-bottom-width:0px;border-left-style:none;border-left-width:0px;background-color:#abb7c21a;padding-top:0;padding-right:0;padding-bottom:0;padding-left:0\">\n<div class=\"wp-block-columns are-vertically-aligned-top is-layout-flex wp-container-core-columns-is-layout-376e6642 wp-block-columns-is-layout-flex\" style=\"border-style:none;border-width:0px;border-radius:0px;margin-top:var(--wp--preset--spacing--30);margin-bottom:var(--wp--preset--spacing--30);padding-top:var(--wp--preset--spacing--30);padding-right:var(--wp--preset--spacing--30);padding-bottom:var(--wp--preset--spacing--30);padding-left:var(--wp--preset--spacing--30)\">\n<div class=\"wp-block-column is-vertically-aligned-top is-layout-flow wp-block-column-is-layout-flow\">\n<p>Kontakt: <a href=\"mailto:krabel@igffb.de\">krabel@igffb.de<\/a><\/p>\n\n\n\n<p><\/p>\n<\/div>\n\n\n\n<div class=\"wp-block-column is-vertically-aligned-top is-layout-flow wp-block-column-is-layout-flow\">\n<p class=\"has-text-align-center\">Kontakt: <a href=\"mailto:schaedler@igffb.de\">schaedler@igffb.de<\/a><\/p>\n\n\n\n<p><\/p>\n<\/div>\n<\/div>\n<\/div>\n","protected":false},"excerpt":{"rendered":"<p>Jens Krabel Sebastian Sch\u00e4dler Seit 1.4.2022 Professor f\u00fcr Sexualp\u00e4dagogik an der Medical School Berlin MSB, Studiengang Sexualwissenschaft (MA) 2008 &#8211; 2022 Professor mit dem Schwerpunkt Medienp\u00e4dagogik an der Evangelischen Hochschule Berlin EHB im Studiengang Soziale Arbeit (BA), und Kindheitsp\u00e4dagogik (BA). Betreuung von Projekten digital gest\u00fctzter Bildung mit tablets in Berliner Grundschulen.Langj\u00e4hriger E-Learning-Beauftragter der EHB. Vortr\u00e4ge, [&hellip;]<\/p>\n","protected":false},"author":1,"featured_media":0,"parent":1073,"menu_order":1,"comment_status":"closed","ping_status":"closed","template":"","meta":{"zakra_page_container_layout":"stretched","zakra_page_sidebar_layout":"no_sidebar","zakra_remove_content_margin":false,"zakra_sidebar":"customizer","zakra_transparent_header":"customizer","zakra_logo":0,"zakra_main_header_style":"default","zakra_menu_item_color":"","zakra_menu_item_hover_color":"","zakra_menu_item_active_color":"","zakra_menu_active_style":"","zakra_page_header":true,"footnotes":""},"class_list":["post-21","page","type-page","status-publish","hentry"],"_links":{"self":[{"href":"https:\/\/igffb.de\/index.php?rest_route=\/wp\/v2\/pages\/21","targetHints":{"allow":["GET"]}}],"collection":[{"href":"https:\/\/igffb.de\/index.php?rest_route=\/wp\/v2\/pages"}],"about":[{"href":"https:\/\/igffb.de\/index.php?rest_route=\/wp\/v2\/types\/page"}],"author":[{"embeddable":true,"href":"https:\/\/igffb.de\/index.php?rest_route=\/wp\/v2\/users\/1"}],"replies":[{"embeddable":true,"href":"https:\/\/igffb.de\/index.php?rest_route=%2Fwp%2Fv2%2Fcomments&post=21"}],"version-history":[{"count":93,"href":"https:\/\/igffb.de\/index.php?rest_route=\/wp\/v2\/pages\/21\/revisions"}],"predecessor-version":[{"id":1793,"href":"https:\/\/igffb.de\/index.php?rest_route=\/wp\/v2\/pages\/21\/revisions\/1793"}],"up":[{"embeddable":true,"href":"https:\/\/igffb.de\/index.php?rest_route=\/wp\/v2\/pages\/1073"}],"wp:attachment":[{"href":"https:\/\/igffb.de\/index.php?rest_route=%2Fwp%2Fv2%2Fmedia&parent=21"}],"curies":[{"name":"wp","href":"https:\/\/api.w.org\/{rel}","templated":true}]}}