{"id":1079,"date":"2023-03-27T08:05:58","date_gmt":"2023-03-27T08:05:58","guid":{"rendered":"http:\/\/igffb.pat-ex.de\/?page_id=1079"},"modified":"2023-03-28T19:26:34","modified_gmt":"2023-03-28T19:26:34","slug":"impressum-2","status":"publish","type":"page","link":"https:\/\/igffb.de\/?page_id=1079","title":{"rendered":"Impressum"},"content":{"rendered":"\n<div class=\"wp-block-group is-layout-constrained wp-block-group-is-layout-constrained\">\n<div class=\"wp-block-group is-layout-constrained wp-container-core-group-is-layout-23b1a4dc wp-block-group-is-layout-constrained\" style=\"padding-top:var(--wp--preset--spacing--30);padding-right:var(--wp--preset--spacing--30);padding-bottom:var(--wp--preset--spacing--30);padding-left:var(--wp--preset--spacing--30)\">\n<p style=\"margin-left:0;line-height:2\">Krabel und Sch\u00e4dler Politologen \/ Organisationsberatung Partnerschaft<br>Eingetragen beim Amtsgericht Charlottenburg unter Aktenzeichen PR 1693 B<br>Adresse: Jahnstr 13 \/ 10967 Berlin<\/p>\n\n\n\n<p style=\"margin-top:var(--wp--preset--spacing--30);margin-right:var(--wp--preset--spacing--30);margin-bottom:var(--wp--preset--spacing--30);margin-left:var(--wp--preset--spacing--30);line-height:2\"><strong>Inhaltlich Verantwortliche gem\u00e4\u00df \u00a7 18 MStV und \u00a7 5 TMG:<\/strong><\/p>\n\n\n\n<p style=\"margin-top:var(--wp--preset--spacing--30);margin-right:var(--wp--preset--spacing--30);margin-bottom:var(--wp--preset--spacing--30);margin-left:var(--wp--preset--spacing--30);line-height:2\">Jens Krabel und Sebastian Sch\u00e4dler<br>Jahnstr 13 \/ 10967 Berlin<\/p>\n\n\n\n<p style=\"margin-top:var(--wp--preset--spacing--30);margin-right:var(--wp--preset--spacing--30);margin-bottom:var(--wp--preset--spacing--30);margin-left:var(--wp--preset--spacing--30);line-height:2\"><strong>Kontakt<\/strong><br>IGFFB \u2013 Institut f\u00fcr Gegenwartsfragen der fr\u00fchen Bildung<br>Jahnstr 13<br>10967 Berlin<br>Telefon: +49 (177) 4974619 \/ E-Mail: <a rel=\"noreferrer noopener\" href=\"https:\/\/igffb.de\/info@igffb.de\" target=\"_blank\">info@igffb.de<\/a><\/p>\n<\/div>\n\n\n\n<div class=\"wp-block-group is-vertical is-layout-flex wp-container-core-group-is-layout-5df6523b wp-block-group-is-layout-flex\" style=\"padding-top:var(--wp--preset--spacing--40);padding-right:var(--wp--preset--spacing--40);padding-bottom:var(--wp--preset--spacing--40);padding-left:var(--wp--preset--spacing--40)\">\n<div class=\"blockart-spacing blockart-spacing-e7abd96f\"><div class=\"blockart-spacing-inner\"><\/div><\/div>\n\n\n\n<p class=\"blockart-paragraph blockart-paragraph-15260faf\"><strong>Datenschutzerkl\u00e4rung<\/strong><\/p>\n\n\n\n<p><strong>Allgemeines<\/strong><\/p>\n\n\n\n<p>Wir nehmen den Schutz Ihrer pers\u00f6nlichen Daten sehr ernst und m\u00f6chten Ihnen an dieser Stelle gern erkl\u00e4ren, wie wir beim Institut f\u00fcr Gegenwartsfragen der Fr\u00fchen Bildung IGFFB mit dem Datenschutz umgehen. Pers\u00f6nliche Daten erheben und verwenden wir nur wie im Folgenden beschrieben.<\/p>\n\n\n\n<p>Die Angaben in dieser Erkl\u00e4rung gelten f\u00fcr die Datenverarbeitung von personenbezogenen Daten auf unserer Website und sollen Sie \u00fcber die <strong>Verarbeitungszwecke, Empf\u00e4nger*innen, Rechtsgrundlagen, Speicherfristen sowie Ihre Rechte<\/strong> informieren. Wir verarbeiten personenbezogene Daten unserer Nutzer*innen grunds\u00e4tzlich nur, soweit dies zur Bereitstellung einer funktionsf\u00e4higen Website sowie unserer Inhalte und Leistungen erforderlich ist. Personenbezogene Daten sind alle Daten, die auf Sie pers\u00f6nlich beziehbar sind, wie beispielsweise Ihr Name, Ihre Adresse oder Ihre E-Mail-Adresse. Unter \u201eVerarbeitung von Daten\u201c versteht man insbesondere die Erhebung, Speicherung, Verwendung und \u00dcbermittlung Ihrer Daten.<\/p>\n\n\n\n<p>Soweit wir f\u00fcr Verarbeitungsvorg\u00e4nge personenbezogener Daten eine Einwilligung der betroffenen Person einholen, dient Art. 6 Abs. 1 lit. a EU-Datenschutzgrundverordnung (DSGVO) als Rechtsgrundlage. Bei der Verarbeitung von personenbezogenen Daten, die zur Erf\u00fcllung eines Vertrages, dessen Vertragspartei die betroffene Person ist, erforderlich ist, dient Art. 6 Abs. 1 lit. b DSGVO als Rechtsgrundlage. Dies gilt auch f\u00fcr Verarbeitungsvorg\u00e4nge, die zur Durchf\u00fchrung vorvertraglicher Ma\u00dfnahmen erforderlich sind. Soweit eine Verarbeitung personenbezogener Daten zur Erf\u00fcllung einer rechtlichen Verpflichtung erforderlich ist, der unser Institut unterliegt, dient Art. 6 Abs. 1 lit. c DSGVO als Rechtsgrundlage.<\/p>\n\n\n\n<p>Ist die Verarbeitung zur Wahrung eines berechtigten Interesses unseres Instituts oder eines Dritten erforderlich und \u00fcberwiegen die Interessen, Grundrechte und Grundfreiheiten des Betroffenen das erstgenannte Interesse nicht, so dient Art. 6 Abs. 1 lit. f DSGVO als Rechtsgrundlage f\u00fcr die Verarbeitung.<\/p>\n\n\n\n<p>Die personenbezogenen Daten von betroffenen Personen werden gel\u00f6scht oder gesperrt, sobald der Zweck der Speicherung entf\u00e4llt. Eine Speicherung nach Wegfall des Speicherungszwecks kann erfolgen, wenn dies gesetzlich vorgesehen ist. Eine Sperrung oder L\u00f6schung der Daten erfolgt auch dann, wenn eine durch die genannten Normen vorgeschriebene Speicherfrist abl\u00e4uft, es sei denn, dass eine Erforderlichkeit zur weiteren Speicherung der Daten f\u00fcr einen Vertragsabschluss oder eine Vertragserf\u00fcllung besteht.<\/p>\n\n\n\n<p><strong>Ansprechpersonen f\u00fcr die Verarbeitung Ihrer personenbezogenen Daten beim Besuch unserer Website<\/strong><\/p>\n\n\n\n<p>IGFFB \u2013 Institut f\u00fcr Gegenwartsfragen der fr\u00fchen Bildung<br>Jens Krabel und Sebastian Sch\u00e4dler<br>Jahnstr 13<br>10967 Berlin<br>Telefon: +49 (177) 4974619 \/ E-Mail: <a href=\"https:\/\/igffb.de\/info@igffb.de\" target=\"_blank\" rel=\"noreferrer noopener\">info@igffb.de<\/a><\/p>\n\n\n\n<p>F\u00fcr alle Fragen zum Thema Datenschutz in Zusammenhang mit unseren Leistungen oder der Nutzung unserer Website k\u00f6nnen Sie sich jederzeit per E-Mail an <a rel=\"noreferrer noopener\" href=\"https:\/\/igffb.de\/Users\/Schae\/Desktop\/info@igffb.de\" target=\"_blank\">info@igffb.de<\/a> oder an obige postalische Adresse mit dem Betreff \u201eDatenschutz\u201c wenden.<\/p>\n\n\n\n<p><strong>Zweck der Verarbeitung<\/strong><\/p>\n\n\n\n<p>Ein Teil der Daten wird erhoben, um eine fehlerfreie Bereitstellung der Website zu gew\u00e4hrleisten, andere Daten k\u00f6nnen zur Analyse Ihres Nutzerverhaltens verwendet werden. Auch ben\u00f6tigen wir Ihre personenbezogenen Daten, um mit Ihnen in den von Ihnen gewollten Kontakt zu treten.<\/p>\n\n\n\n<p>Daraus ergibt sich auch das berechtigte Interesse an der Verarbeitung nach Art. 6 Abs. 1 lit. f DSGVO.<\/p>\n\n\n\n<p><strong>Ihre Rechte<\/strong><\/p>\n\n\n\n<p>Sie k\u00f6nnen eine <strong>Best\u00e4tigung<\/strong> dar\u00fcber verlangen, ob personenbezogene Daten, die Sie betreffen, von uns verarbeitet werden. Liegt eine solche Verarbeitung vor, k\u00f6nnen Sie von uns \u00fcber folgende Informationen <strong>Auskunft<\/strong> verlangen:<br><strong>Zwecke<\/strong>, zu denen die personenbezogenen Daten verarbeitet werden, <strong>Kategorien<\/strong> von personenbezogenen Daten, welche verarbeitet werden; <strong>Empf\u00e4nger*innen<\/strong> bzw. die Kategorien von Empf\u00e4nger*innen, gegen\u00fcber denen die Sie betreffenden personenbezogenen Daten offengelegt wurden oder noch offengelegt werden; die geplante Dauer der <strong>Speicherung<\/strong> der Sie betreffenden personenbezogenen Daten oder, falls konkrete Angaben hierzu nicht m\u00f6glich sind, Kriterien f\u00fcr die Festlegung der Speicherdauer; Bestehen eines Rechts auf <strong>Berichtigung<\/strong> oder <strong>L\u00f6schung<\/strong> der Sie betreffenden personenbezogenen Daten, eines Rechts auf <strong>Einschr\u00e4nkung<\/strong> der Verarbeitung durch den Verantwortlichen oder eines <strong>Widerspruchsrechts<\/strong> gegen diese Verarbeitung; Bestehen eines <strong>Beschwerderechts<\/strong> bei einer Aufsichtsbeh\u00f6rde; alle verf\u00fcgbaren Informationen \u00fcber die Herkunft der Daten, wenn die personenbezogenen Daten nicht bei der betroffenen Person erhoben werden; Bestehen einer automatisierten Entscheidungsfindung einschlie\u00dflich Profiling gem\u00e4\u00df Art. 22 Abs. 1 und 4 DSGVO und \u2013 zumindest in diesen F\u00e4llen \u2013 aussagekr\u00e4ftige Informationen \u00fcber die involvierte Logik sowie die Tragweite und die angestrebten Auswirkungen einer derartigen Verarbeitung f\u00fcr die betroffene Person.<\/p>\n\n\n\n<p>Ihnen steht das Recht zu, <strong>Auskunft<\/strong> dar\u00fcber zu verlangen, ob die Sie betreffenden personenbezogenen Daten in ein Drittland oder an eine internationale Organisation \u00fcbermittelt werden. In diesem Zusammenhang k\u00f6nnen Sie verlangen, \u00fcber die geeigneten Garantien gem. Art. 46 DSGVO im Zusammenhang mit der \u00dcbermittlung unterrichtet zu werden.<\/p>\n\n\n\n<p>Sie haben ein Recht auf <strong>Berichtigung<\/strong> oder <strong>Vervollst\u00e4ndigung<\/strong>, sofern die verarbeiteten personenbezogenen Daten, die Sie betreffen, unrichtig oder unvollst\u00e4ndig sind. Die Berichtigung ist unverz\u00fcglich vorzunehmen<\/p>\n\n\n\n<p>Sie k\u00f6nnen die <strong>Einschr\u00e4nkung der Verarbeitung<\/strong> der Sie betreffenden personenbezogenen Daten verlangen, wenn Sie die Richtigkeit der Sie betreffenden personenbezogenen f\u00fcr eine Dauer bestreiten, die es uns erm\u00f6glicht, die Richtigkeit der personenbezogenen Daten zu \u00fcberpr\u00fcfen; die Verarbeitung unrechtm\u00e4\u00dfig ist und Sie die L\u00f6schung der personenbezogenen Daten ablehnen und stattdessen die Einschr\u00e4nkung der Nutzung der personenbezogenen Daten verlangen; wir die personenbezogenen Daten f\u00fcr die Zwecke der Verarbeitung nicht l\u00e4nger ben\u00f6tigen, Sie diese jedoch zur Geltendmachung, Aus\u00fcbung oder Verteidigung von Rechtsanspr\u00fcchen ben\u00f6tigen, oder wenn Sie Widerspruch gegen die Verarbeitung gem\u00e4\u00df Art. 21 Abs. 1 DSGVO eingelegt haben und noch nicht feststeht, ob die uns zustehenden berechtigten Gr\u00fcnde gegen\u00fcber Ihren Gr\u00fcnden \u00fcberwiegen.<\/p>\n\n\n\n<p>Wurde die Verarbeitung der Sie betreffenden personenbezogenen Daten eingeschr\u00e4nkt, d\u00fcrfen diese Daten \u2013 von ihrer Speicherung abgesehen \u2013 nur mit Ihrer Einwilligung oder zur Geltendmachung, Aus\u00fcbung oder Verteidigung von Rechtsanspr\u00fcchen oder zum Schutz der Rechte einer anderen nat\u00fcrlichen oder juristischen Person oder aus Gr\u00fcnden eines wichtigen \u00f6ffentlichen Interesses der Union oder eines Mitgliedstaats verarbeitet werden. Wurde die Verarbeitung nach den oben genannten Voraussetzungen eingeschr\u00e4nkt, werden Sie von dem Verantwortlichen unterrichtet, bevor die Einschr\u00e4nkung aufgehoben wird.<\/p>\n\n\n\n<p>Sie k\u00f6nnen von uns verlangen, dass die Sie betreffenden personenbezogenen Daten unverz\u00fcglich <strong>gel\u00f6scht<\/strong> werden, mit der Folge, dass wir verpflichtet sind, diese Daten unverz\u00fcglich zu l\u00f6schen, sofern einer der folgenden Gr\u00fcnde zutrifft: Die Sie betreffenden personenbezogenen Daten sind f\u00fcr die Zwecke, f\u00fcr die sie erhoben oder auf sonstige Weise verarbeitet wurden, nicht mehr notwendig. Sie widerrufen Ihre Einwilligung, auf die sich die Verarbeitung gem. Art. 6 Abs. 1 lit. a oder Art. 9 Abs. 2 lit. a DSGVO st\u00fctzte, und es fehlt an einer anderweitigen Rechtsgrundlage f\u00fcr die Verarbeitung. Sie legen gem. Art. 21 Abs. 1 DSGVO Widerspruch gegen die Verarbeitung ein und es liegen keine vorrangigen berechtigten Gr\u00fcnde f\u00fcr die Verarbeitung vor, oder Sie legen gem. Art. 21 Abs. 2 DSGVO Widerspruch gegen die Verarbeitung ein. Die Sie betreffenden personenbezogenen Daten wurden unrechtm\u00e4\u00dfig verarbeitet. Die L\u00f6schung der Sie betreffenden personenbezogenen Daten ist zur Erf\u00fcllung einer rechtlichen Verpflichtung nach dem Unionsrecht oder dem Recht der Mitgliedstaaten erforderlich, dem wir unterliegen. Die Sie betreffenden personenbezogenen Daten wurden in Bezug auf angebotene Dienste der Informationsgesellschaft gem\u00e4\u00df Art. 8 Abs. 1 DSGVO erhoben.<\/p>\n\n\n\n<p>Haben wir die Sie betreffenden personenbezogenen Daten \u00f6ffentlich gemacht und sind wir gem. Art. 17 Abs. 1 DSGVO zu deren L\u00f6schung verpflichtet, so treffen wir unter Ber\u00fccksichtigung der verf\u00fcgbaren Technologie und der Implementierungskosten angemessene Ma\u00dfnahmen, auch technischer Art, um die f\u00fcr die Datenverarbeitung Verantwortlichen, die die personenbezogenen Daten verarbeiten, dar\u00fcber zu informieren, dass Sie als betroffene Person von ihnen die L\u00f6schung aller Links zu diesen personenbezogenen Daten oder von Kopien oder Replikationen dieser personenbezogenen Daten verlangt haben.<\/p>\n\n\n\n<p>Haben Sie das Recht auf <strong>Berichtigung, L\u00f6schung oder Einschr\u00e4nkung der Verarbeitung<\/strong> gegen\u00fcber uns geltend gemacht, sind wir verpflichtet, allen Empf\u00e4nger*innen, denen die Sie betreffenden personenbezogenen Daten offengelegt wurden, diese Berichtigung oder L\u00f6schung der Daten oder Einschr\u00e4nkung der Verarbeitung mitzuteilen, es sei denn, dies erweist sich als unm\u00f6glich oder ist mit einem unverh\u00e4ltnism\u00e4\u00dfigen Aufwand verbunden. Ihnen steht uns gegen\u00fcber das Recht zu, \u00fcber diese Empf\u00e4nger*innen unterrichtet zu werden.<\/p>\n\n\n\n<p>Sie haben das Recht, die Sie betreffenden personenbezogenen Daten, die Sie uns bereitgestellt haben, in einem strukturierten, g\u00e4ngigen und maschinenlesbaren Format zu erhalten. Au\u00dferdem haben Sie das Recht, diese <strong>Daten<\/strong> einem anderen Verantwortlichen ohne Behinderung durch uns zu <strong>\u00fcbermitteln<\/strong>, sofern die Verarbeitung auf einer Einwilligung gem. Art. 6 Abs. 1 lit. a DSGVO oder Art. 9 Abs. 2 lit. a DSGVO oder auf einem Vertrag gem. Art. 6 Abs. 1 lit. b DSGVO beruht und die Verarbeitung mithilfe automatisierter Verfahren erfolgt. In Aus\u00fcbung dieses Rechts haben Sie ferner das Recht, zu erwirken, dass die Sie betreffenden personenbezogenen Daten direkt von uns einem anderen Verantwortlichen \u00fcbermittelt werden, soweit dies technisch machbar ist. Freiheiten und Rechte anderer Personen d\u00fcrfen hierdurch nicht beeintr\u00e4chtigt werden.<\/p>\n\n\n\n<p>Sie haben das Recht, aus Gr\u00fcnden, die sich aus ihrer besonderen Situation ergeben, jederzeit gegen die Verarbeitung der Sie betreffenden personenbezogenen Daten, die aufgrund von Art. 6 Abs. 1 lit. e oder f DSGVO erfolgt, <strong>Widerspruch<\/strong> einzulegen; dies gilt auch f\u00fcr ein auf diese Bestimmungen gest\u00fctztes Profiling. Sie haben das Recht, Ihre datenschutzrechtliche Einwilligungserkl\u00e4rung jederzeit zu widerrufen. Durch den Widerruf der Einwilligung wird die Rechtm\u00e4\u00dfigkeit der aufgrund der Einwilligung bis zum Widerruf erfolgten Verarbeitung nicht ber\u00fchrt.<\/p>\n\n\n\n<p>Sie haben das Recht, nicht einer ausschlie\u00dflich auf einer automatisierten Verarbeitung \u2013 einschlie\u00dflich Profiling \u2013 beruhenden Entscheidung unterworfen zu werden, die Ihnen gegen\u00fcber rechtliche Wirkung entfaltet oder Sie in \u00e4hnlicher Weise erheblich beeintr\u00e4chtigt. Dies gilt nicht, wenn die Entscheidung f\u00fcr den Abschluss oder die Erf\u00fcllung eines Vertrags zwischen Ihnen und uns erforderlich ist, aufgrund von Rechtsvorschriften der Union oder der Mitgliedstaaten, denen wir unterliegen, zul\u00e4ssig ist und diese Rechtsvorschriften angemessene Ma\u00dfnahmen zur Wahrung Ihrer Rechte und Freiheiten sowie Ihrer berechtigten Interessen enthalten oder mit Ihrer ausdr\u00fccklichen Einwilligung erfolgt.<\/p>\n\n\n\n<p>Unbeschadet eines anderweitigen verwaltungsrechtlichen oder gerichtlichen Rechtsbehelfs steht Ihnen das <strong>Recht auf Beschwerde bei einer Aufsichtsbeh\u00f6rde<\/strong>, insbesondere in dem Mitgliedstaat Ihres Aufenthaltsorts, Ihres Arbeitsplatzes oder des Orts des mutma\u00dflichen Versto\u00dfes, zu, wenn Sie der Ansicht sind, dass die Verarbeitung der Sie betreffenden personenbezogenen Daten gegen die DSGVO verst\u00f6\u00dft. Die Aufsichtsbeh\u00f6rde, bei der die Beschwerde eingereicht wurde, unterrichtet Sie \u00fcber den Stand und die Ergebnisse der Beschwerde einschlie\u00dflich der M\u00f6glichkeit eines gerichtlichen Rechtsbehelfs nach Art. 78 DSGVO.<\/p>\n\n\n\n<p><strong>Zur Datenverarbeitung auf unserer Website<\/strong><\/p>\n\n\n\n<p>Personenbezogene Daten sind Informationen, die sich auf eine identifizierte oder identifizierbare Person beziehen. Hierunter fallen vor allem Angaben, die R\u00fcckschl\u00fcsse auf Ihre Identit\u00e4t erm\u00f6glichen, beispielsweise Ihr Name, Ihre Telefonnummer, Ihre Anschrift, IP-Adresse oder E-Mail-Adresse. Statistische Daten, die wir beispielsweise bei einem Besuch unserer Website erheben und die nicht mit Ihrer Person in Verbindung gebracht werden k\u00f6nnen, fallen nicht unter den Begriff des personenbezogenen Datums.<\/p>\n\n\n\n<p><strong>Hosting und Content Delivery Networks (CDN)<\/strong><\/p>\n\n\n\n<p><strong>Externes Hosting<\/strong><\/p>\n\n\n\n<p>Diese Website wird bei einem externen Dienstleister, hier \u201eStrato\u201c (<a href=\"http:\/\/www.strato.de\">www.strato.de<\/a>) gehostet (Hoster). Die personenbezogenen Daten, die auf dieser Website erfasst werden, werden auf den Servern des Hosters gespeichert. Hierbei kann es sich unter anderem um IP-Adressen, Kontaktanfragen, Meta- und Kommunikationsdaten, Vertragsdaten, Kontaktdaten, Namen, Websitezugriffe und sonstige Daten, die \u00fcber eine Website generiert werden, handeln.<\/p>\n\n\n\n<p>Der Einsatz des Hosters erfolgt zum Zwecke der Vertragserf\u00fcllung gegen\u00fcber unseren potenziellen und bestehenden Kunden (Art. 6 Abs. 1 lit. b DSGVO) und im Interesse einer sicheren, schnellen und effizienten Bereitstellung unseres Online-Angebots durch einen professionellen Anbieter (Art. 6 Abs. 1 lit. f DSGVO). Unser Hoster wird Ihre Daten nur insoweit verarbeiten, wie dies zur Erf\u00fcllung seiner Leistungspflichten erforderlich ist und unsere Weisungen in Bezug auf diese Daten befolgen. Hier finden Sie weitere Informationen: <a href=\"https:\/\/www.strato.de\/sicherheit\/\">https:\/\/www.strato.de\/sicherheit\/<\/a><\/p>\n\n\n\n<p>Um die datenschutzkonforme Verarbeitung zu gew\u00e4hrleisten, haben wir einen Vertrag \u00fcber Auftragsverarbeitung mit unserem Hoster geschlossen. Die Inhalte des Vertrages sind hier dokumentiert: <a href=\"https:\/\/www.strato.de\/agb\/avv\/\">https:\/\/www.strato.de\/agb\/avv\/<\/a><\/p>\n\n\n\n<p><strong>Einsatz von Cookies<\/strong><\/p>\n\n\n\n<p>Unsere Internetseiten verwenden so genannte \u201eCookies\u201c. Cookies sind kleine Textdateien und richten auf Ihrem Endger\u00e4t keinen Schaden an. Sie werden entweder vor\u00fcbergehend f\u00fcr die Dauer einer Sitzung (Session-Cookies) oder dauerhaft (permanente Cookies) auf Ihrem Endger\u00e4t gespeichert.<\/p>\n\n\n\n<p>Die vom IGFFB bei Strato gehostete Website <a href=\"http:\/\/www.igffb.de\">www.igffb.de<\/a> verwendet Session-Cookies. Session-Cookies speichern den Internetaufruf tempor\u00e4r und werden mit dem Schlie\u00dfen des Browsers gel\u00f6scht. <strong>Diese Art von Cookies speichert keine Informationen \u00fcber den Benutzer.<\/strong><\/p>\n\n\n\n<p><em>WordPress<\/em><\/p>\n\n\n\n<p>F\u00fcr die Gestaltung der Webseite wird <em>WordPress<\/em> &nbsp;eingesetzt. <em>WordPress<\/em> &nbsp;speichert in einem Cookie die Seitenaufrufe und Besuche, jedoch ohne Verbindung zu einer IP-Adresse und nur im lokalen Speicher des Webseitenbesuchers\/der Websitebesucherin. Dieser Cookie wird laut <em>WordPress<\/em> &nbsp;f\u00fcr die technische Funktionalit\u00e4t der Webseite ben\u00f6tigt, explizit der Pop-Up-Funktionalit\u00e4t.<\/p>\n\n\n\n<p><strong>Server-Log-Dateien<\/strong><\/p>\n\n\n\n<p>Der Provider der Seiten erhebt und speichert automatisch Informationen in so genannten Server-Log- Dateien, die Ihr Browser automatisch an uns \u00fcbermittelt.<\/p>\n\n\n\n<p>Beim Aufruf &nbsp;der &nbsp;Webseite <a href=\"http:\/\/www.igffb.de\">www.igffb.de<\/a> durch Besucher werden von STRATO die IP-Adressen dieser Besucher erfasst und in Logfiles gespeichert. Die IP-Adressen der Besucher Ihrer Webseiten speichert Strato zur Erkennung und Abwehr von Angriffen maximal sieben Tage.<br><br>Weitere Informationen zu den Logfiles erhalten Sie auch in <a href=\"https:\/\/www.strato.de\/faq\/hosting\/so-erfahren-sie-wie-oft-ihre-internet-seiten-besucht-worden-sind\/\" target=\"_blank\" rel=\"noreferrer noopener\">diesem Artikel<\/a>.<\/p>\n\n\n\n<p>&nbsp;Dies sind Browsertyp, Browserversion, verwendetes Beriebssystem, Referrer URL, Hostname des zugreifenden Rechners, Uhrzeit der Serveranfrage und IP-Adresse.<\/p>\n\n\n\n<p>Eine Zusammenf\u00fchrung dieser Daten mit anderen Datenquellen wird nicht vorgenommen.<\/p>\n\n\n\n<p>Die Erfassung dieser Daten erfolgt auf Grundlage von Art. 6 Abs. 1 lit. f DSGVO. Der Websitebetreiber hat ein berechtigtes Interesse an der technisch fehlerfreien Darstellung und der Optimierung seiner Website \u2013 hierzu m\u00fcssen die Server-Log-Files erfasst werden. Diese sind:<\/p>\n\n\n\n<ul class=\"wp-block-list\">\n<li>Referrer (zuvor besuchte Webseite)<\/li>\n\n\n\n<li>Angeforderte Webseite oder Datei<\/li>\n\n\n\n<li>Browsertyp und Browserversion<\/li>\n\n\n\n<li>Verwendetes Betriebssystem<\/li>\n\n\n\n<li>Verwendeter Geraetetyp<\/li>\n\n\n\n<li>Uhrzeit des Zugriffs<\/li>\n\n\n\n<li>IP-Adresse in anonymisierter Form (wird nur zur Feststellung des Orts des Zugriffs verwendet)<\/li>\n<\/ul>\n\n\n\n<p>Diese Daten werden in den Logfiles unseres Systems gespeichert. Nicht hiervon betroffen sind die IP-Adressen des Nutzers oder andere Daten, die die Zuordnung der Daten zu einem Nutzer erm\u00f6glichen. Die in den Logfiles gespeicherten Informationen lassen keinen unmittelbaren R\u00fcckschluss auf Ihre Person zu \u2013 insbesondere speichern wir die IP-Adressen lediglich in gek\u00fcrzter, anonymisierter Form. Die Logfiles werden f\u00fcr 8 Wochen gespeichert und danach gel\u00f6scht.<\/p>\n\n\n\n<p>Siehe dazu auch: <a href=\"https:\/\/www.strato.de\/faq\/vertrag\/fragen-zur-auftragsverarbeitungsvertrag-avv-und-der-neuen-eu-datenschutzgrundverordnung-dsgvo\/#verarbeitung\">https:\/\/www.strato.de\/faq\/vertrag\/fragen-zur-auftragsverarbeitungsvertrag-avv-und-der-neuen-eu-datenschutzgrundverordnung-dsgvo\/#verarbeitung<\/a><\/p>\n\n\n\n<p><strong>Kontakt\/Anfragen \u00fcber unsere Website E-Mail, Telefon oder Telefax<\/strong><\/p>\n\n\n\n<p>Wenn Sie mit uns \u00fcber die auf unserer Website hinterlegten E-Mailadressen mit uns Kontakt aufnehmen, so werden die eingegebenen Daten an uns \u00fcbermittelt und bei uns gespeichert. Dabei handelt es sich um mindestens folgende Daten:<\/p>\n\n\n\n<ul class=\"wp-block-list\">\n<li>Vorname<\/li>\n\n\n\n<li>Nachname<\/li>\n\n\n\n<li>E-Mail-Adresse<\/li>\n\n\n\n<li>Ihre Nachricht an uns<\/li>\n<\/ul>\n\n\n\n<p>Die erhobenen Daten verarbeiten wir zur Beantwortung und Erledigung Ihrer Anfragen. Sie sind nicht verpflichtet, uns Ihre personenbezogenen Daten bereitzustellen. Eine \u00dcbermittlung von Materialien oder Informationen sowie die Beantwortung Ihrer Fragen ist uns dann jedoch nicht m\u00f6glich.<\/p>\n\n\n\n<p>Die Rechtsgrundlage f\u00fcr die Erhebung und Speicherung der Daten ist Art. 6 Abs. 1 lit. f DSGVO.<\/p>\n\n\n\n<p>Die von Ihnen zur Kontaktaufnahme eingegebenen Daten verbleiben bei uns, bis Sie uns zur L\u00f6schung auffordern, Ihre Einwilligung zur Speicherung widerrufen oder der Zweck f\u00fcr die Datenspeicherung entf\u00e4llt (z. B. nach abgeschlossener Bearbeitung Ihrer Anfrage). Zwingende gesetzliche Bestimmungen \u2013 insbesondere Aufbewahrungsfristen \u2013 bleiben unber\u00fchrt.<\/p>\n\n\n\n<p><strong>SSL- bzw. TLS-Verschl\u00fcsselung<\/strong><\/p>\n\n\n\n<p>Unsere Seite nutzt aus Sicherheitsgr\u00fcnden und zum Schutz der \u00dcbertragung vertraulicher Inhalte, wie zum Beispiel Bestellungen oder Anfragen, die Sie an uns als Seitenbetreiber senden, eine SSL- bzw. TLS- Verschl\u00fcsselung. Eine verschl\u00fcsselte Verbindung erkennen Sie daran, dass die Adresszeile des Browsers von \u201ehttp:\/\/\u201c auf \u201ehttps:\/\/\u201c wechselt und an dem Schloss-Symbol in Ihrer Browserzeile. Wenn die SSL- bzw. TLS-Verschl\u00fcsselung aktiviert ist, k\u00f6nnen die Daten, die Sie an uns \u00fcbermitteln, nicht von Dritten mitgelesen werden.<\/p>\n\n\n\n<p><strong>\u00c4nderungen der Datenschutzerkl\u00e4rung<\/strong><\/p>\n\n\n\n<p>Gelegentlich aktualisieren wir diese Datenschutzerkl\u00e4rung, beispielsweise, wenn wir unsere Website anpassen oder sich die gesetzlichen oder beh\u00f6rdlichen Vorgaben \u00e4ndern.<\/p>\n\n\n\n<p><strong>Stand: Januar 2023<\/strong><\/p>\n<\/div>\n<\/div>\n\n\n","protected":false},"excerpt":{"rendered":"<p>Krabel und Sch\u00e4dler Politologen \/ Organisationsberatung PartnerschaftEingetragen beim Amtsgericht Charlottenburg unter Aktenzeichen PR 1693 BAdresse: Jahnstr 13 \/ 10967 Berlin Inhaltlich Verantwortliche gem\u00e4\u00df \u00a7 18 MStV und \u00a7 5 TMG: Jens Krabel und Sebastian Sch\u00e4dlerJahnstr 13 \/ 10967 Berlin KontaktIGFFB \u2013 Institut f\u00fcr Gegenwartsfragen der fr\u00fchen BildungJahnstr 1310967 BerlinTelefon: +49 (177) 4974619 \/ E-Mail: info@igffb.de [&hellip;]<\/p>\n","protected":false},"author":1,"featured_media":0,"parent":1073,"menu_order":0,"comment_status":"closed","ping_status":"closed","template":"","meta":{"zakra_page_container_layout":"customizer","zakra_page_sidebar_layout":"customizer","zakra_remove_content_margin":false,"zakra_sidebar":"customizer","zakra_transparent_header":"customizer","zakra_logo":0,"zakra_main_header_style":"default","zakra_menu_item_color":"","zakra_menu_item_hover_color":"","zakra_menu_item_active_color":"","zakra_menu_active_style":"","zakra_page_header":true,"footnotes":""},"class_list":["post-1079","page","type-page","status-publish","hentry"],"_links":{"self":[{"href":"https:\/\/igffb.de\/index.php?rest_route=\/wp\/v2\/pages\/1079","targetHints":{"allow":["GET"]}}],"collection":[{"href":"https:\/\/igffb.de\/index.php?rest_route=\/wp\/v2\/pages"}],"about":[{"href":"https:\/\/igffb.de\/index.php?rest_route=\/wp\/v2\/types\/page"}],"author":[{"embeddable":true,"href":"https:\/\/igffb.de\/index.php?rest_route=\/wp\/v2\/users\/1"}],"replies":[{"embeddable":true,"href":"https:\/\/igffb.de\/index.php?rest_route=%2Fwp%2Fv2%2Fcomments&post=1079"}],"version-history":[{"count":3,"href":"https:\/\/igffb.de\/index.php?rest_route=\/wp\/v2\/pages\/1079\/revisions"}],"predecessor-version":[{"id":1239,"href":"https:\/\/igffb.de\/index.php?rest_route=\/wp\/v2\/pages\/1079\/revisions\/1239"}],"up":[{"embeddable":true,"href":"https:\/\/igffb.de\/index.php?rest_route=\/wp\/v2\/pages\/1073"}],"wp:attachment":[{"href":"https:\/\/igffb.de\/index.php?rest_route=%2Fwp%2Fv2%2Fmedia&parent=1079"}],"curies":[{"name":"wp","href":"https:\/\/api.w.org\/{rel}","templated":true}]}}