{"id":1073,"date":"2023-03-25T13:44:44","date_gmt":"2023-03-25T13:44:44","guid":{"rendered":"https:\/\/sichu-blockart-minimal-portfolio.sites.qsandbox.com\/?page_id=4"},"modified":"2023-06-15T19:05:07","modified_gmt":"2023-06-15T19:05:07","slug":"home","status":"publish","type":"page","link":"https:\/\/igffb.de\/","title":{"rendered":"Home"},"content":{"rendered":"\n<div class=\"alignwide blockart-section blockart-section-530e4cdc alignwide\"><div class=\"blockart-container\"><div class=\"blockart-section-inner\">\n<div class=\"blockart-column blockart-column-7b256bd9\"><div class=\"blockart-column-inner\">\n<h2 class=\"wp-block-heading\"><strong>IGFFB<br>Institut F\u00fcr Gegenwartsfragen der Fr\u00fchen Bildung<\/strong><\/h2>\n<\/div><\/div>\n\n\n\n<div class=\"blockart-column blockart-column-0d93bcd0\"><div class=\"blockart-column-inner\">\n<p class=\"has-text-align-right has-medium-font-size\" style=\"margin-top:var(--wp--preset--spacing--40);margin-bottom:0;font-style:normal;font-weight:600;line-height:1\">prozessorientiert<\/p>\n\n\n\n<p class=\"has-text-align-right has-medium-font-size\" style=\"margin-top:var(--wp--preset--spacing--40);margin-bottom:0;font-style:normal;font-weight:600;line-height:1\">partizipativ<\/p>\n\n\n\n<p class=\"has-text-align-right has-medium-font-size\" style=\"margin-top:var(--wp--preset--spacing--40);margin-bottom:0;font-style:normal;font-weight:600;line-height:1\">auf Augenh\u00f6he<\/p>\n<\/div><\/div>\n<\/div><\/div><\/div>\n\n\n\n<div class=\"wp-block-columns alignwide has-background is-layout-flex wp-container-core-columns-is-layout-eb9ef6a0 wp-block-columns-is-layout-flex\" style=\"border-top-width:2px;border-bottom-width:2px;background-color:#e4e3d37d;padding-top:var(--wp--preset--spacing--20);padding-right:0;padding-bottom:var(--wp--preset--spacing--20);padding-left:var(--wp--preset--spacing--40);letter-spacing:1px;line-height:1\">\n<div class=\"wp-block-column is-content-justification-left is-layout-constrained wp-container-core-column-is-layout-5a460c41 wp-block-column-is-layout-constrained\" style=\"border-bottom-style:none;border-bottom-width:0px;padding-top:0;padding-right:0;padding-bottom:0;padding-left:var(--wp--preset--spacing--40);flex-basis:500000px\">\n<h2 class=\"wp-block-heading has-text-align-left\" style=\"margin-top:var(--wp--preset--spacing--20);margin-right:0;margin-bottom:var(--wp--preset--spacing--50);margin-left:var(--wp--preset--spacing--60);padding-top:var(--wp--preset--spacing--40);padding-right:0;padding-bottom:0;padding-left:var(--wp--preset--spacing--50);font-size:30px;font-style:normal;font-weight:100;letter-spacing:0.5px;line-height:1\">  <em>Wir beraten Kitatr\u00e4ger, Kitaleitungen und Fachkr\u00e4fte &#8230;&#8230;.<\/em><\/h2>\n<\/div>\n<\/div>\n\n\n\n<div class=\"wp-block-columns alignwide is-layout-flex wp-container-core-columns-is-layout-28f84493 wp-block-columns-is-layout-flex\">\n<div class=\"wp-block-column is-layout-flow wp-block-column-is-layout-flow\" style=\"flex-basis:66.66%\">\n<div class=\"wp-block-columns has-black-color has-text-color is-layout-flex wp-container-core-columns-is-layout-bafe187a wp-block-columns-is-layout-flex\" style=\"border-style:none;border-width:0px;padding-top:0;padding-bottom:0;padding-left:0;line-height:3\">\n<div class=\"wp-block-column is-layout-flow wp-block-column-is-layout-flow\">\n<h2 class=\"wp-block-heading\" style=\"padding-top:0;padding-right:0;padding-bottom:0;padding-left:var(--wp--preset--spacing--50);font-size:45px;font-style:normal;font-weight:600;text-decoration:underline\"><a href=\"https:\/\/igffb.de\/?page_id=957\" data-type=\"URL\" data-id=\"https:\/\/igffb.de\/?page_id=957\">Organisationsentwicklung<\/a><\/h2>\n\n\n\n<h2 class=\"wp-block-heading\" style=\"padding-top:0;padding-right:0;padding-bottom:0;padding-left:var(--wp--preset--spacing--50);font-size:45px;font-style:normal;font-weight:600;text-decoration:underline\"><a href=\"https:\/\/igffb.de\/?page_id=1075\" data-type=\"URL\" data-id=\"https:\/\/igffb.de\/?page_id=1075\">Digitale Transformation<\/a><\/h2>\n\n\n\n<h2 class=\"wp-block-heading\" style=\"padding-top:0;padding-right:0;padding-bottom:0;padding-left:var(--wp--preset--spacing--50);font-size:45px;font-style:normal;font-weight:600;text-decoration:underline\"><a href=\"https:\/\/igffb.de\/?page_id=573\" data-type=\"URL\" data-id=\"https:\/\/igffb.de\/?page_id=573\">Diversit\u00e4t und Geschlecht<\/a><\/h2>\n\n\n\n<h2 class=\"wp-block-heading\" style=\"padding-top:0;padding-right:0;padding-bottom:0;padding-left:var(--wp--preset--spacing--50);font-size:45px;font-style:normal;font-weight:600;text-decoration:underline\"><a href=\"https:\/\/igffb.de\/?page_id=1077\" data-type=\"URL\" data-id=\"https:\/\/igffb.de\/?page_id=1077\">Wissenschaftskommunikation<\/a><\/h2>\n\n\n\n<h2 class=\"wp-block-heading\" style=\"padding-left:var(--wp--preset--spacing--50);font-size:45px;text-decoration:underline\"><a href=\"https:\/\/igffb.de\/?page_id=1797\" data-type=\"page\" data-id=\"1797\"><strong>Umfragen und Feedback<\/strong><\/a><\/h2>\n<\/div>\n<\/div>\n<\/div>\n\n\n\n<div class=\"wp-block-column has-background is-layout-flow wp-block-column-is-layout-flow\" style=\"background-color:#cacaca3b;flex-basis:33.33%\">\n<p class=\"has-text-align-center\" style=\"margin-top:var(--wp--preset--spacing--30);margin-right:0;margin-bottom:0;margin-left:0;padding-top:0;padding-bottom:0;font-size:25px\"><strong>Kurzvideo<\/strong><\/p>\n\n\n\n<figure class=\"wp-block-video\" style=\"margin-top:var(--wp--preset--spacing--40)\"><video height=\"480\" style=\"aspect-ratio: 640 \/ 480;\" width=\"640\" controls poster=\"https:\/\/igffb.de\/wp-content\/uploads\/2023\/03\/Jens-Krabel1_c_Bettina-Straub-768x512-1.jpg\" src=\"https:\/\/igffb.de\/wp-content\/uploads\/2023\/03\/IGFFB-Interview-Jens-1-OE-Allgemein-640x480-1.mp4\"><\/video><figcaption class=\"wp-element-caption\">Jens Krabel<\/figcaption><\/figure>\n\n\n\n<p class=\"has-text-align-center\" style=\"margin-top:0;margin-bottom:var(--wp--preset--spacing--40);font-size:25px\"><strong>typischer Beratungsprozess<\/strong><\/p>\n<\/div>\n<\/div>\n\n\n\n<hr class=\"wp-block-separator alignwide has-text-color has-black-color has-alpha-channel-opacity has-black-background-color has-background is-style-wide\"\/>\n\n\n\n<hr class=\"wp-block-separator has-alpha-channel-opacity\"\/>\n","protected":false},"excerpt":{"rendered":"<p>Wir beraten Kitatr\u00e4ger, Kitaleitungen und Fachkr\u00e4fte &#8230;&#8230;. Organisationsentwicklung Digitale Transformation Diversit\u00e4t und Geschlecht Wissenschaftskommunikation Umfragen und Feedback Kurzvideo typischer Beratungsprozess<\/p>\n","protected":false},"author":1,"featured_media":0,"parent":0,"menu_order":0,"comment_status":"closed","ping_status":"closed","template":"","meta":{"zakra_page_container_layout":"stretched","zakra_page_sidebar_layout":"no_sidebar","zakra_remove_content_margin":true,"zakra_sidebar":"customizer","zakra_transparent_header":"customizer","zakra_logo":0,"zakra_main_header_style":"zak-layout-1-style-1","zakra_menu_item_color":"#a3a3a3","zakra_menu_item_hover_color":"#344ce5","zakra_menu_item_active_color":"#1e73be","zakra_menu_active_style":"","zakra_page_header":false,"footnotes":""},"class_list":["post-1073","page","type-page","status-publish","hentry"],"_links":{"self":[{"href":"https:\/\/igffb.de\/index.php?rest_route=\/wp\/v2\/pages\/1073","targetHints":{"allow":["GET"]}}],"collection":[{"href":"https:\/\/igffb.de\/index.php?rest_route=\/wp\/v2\/pages"}],"about":[{"href":"https:\/\/igffb.de\/index.php?rest_route=\/wp\/v2\/types\/page"}],"author":[{"embeddable":true,"href":"https:\/\/igffb.de\/index.php?rest_route=\/wp\/v2\/users\/1"}],"replies":[{"embeddable":true,"href":"https:\/\/igffb.de\/index.php?rest_route=%2Fwp%2Fv2%2Fcomments&post=1073"}],"version-history":[{"count":31,"href":"https:\/\/igffb.de\/index.php?rest_route=\/wp\/v2\/pages\/1073\/revisions"}],"predecessor-version":[{"id":1820,"href":"https:\/\/igffb.de\/index.php?rest_route=\/wp\/v2\/pages\/1073\/revisions\/1820"}],"wp:attachment":[{"href":"https:\/\/igffb.de\/index.php?rest_route=%2Fwp%2Fv2%2Fmedia&parent=1073"}],"curies":[{"name":"wp","href":"https:\/\/api.w.org\/{rel}","templated":true}]}}